{"id":19,"date":"2022-01-14T00:21:05","date_gmt":"2022-01-13T23:21:05","guid":{"rendered":"https:\/\/naturglaubensgemeinschaft.org\/?page_id=19"},"modified":"2022-02-10T23:18:03","modified_gmt":"2022-02-10T22:18:03","slug":"info","status":"publish","type":"page","link":"https:\/\/naturglaubensgemeinschaft.org\/?page_id=19","title":{"rendered":"Info"},"content":{"rendered":"<p>[et_pb_section fb_built=&#8221;1&#8243; _builder_version=&#8221;4.9.7&#8243; _module_preset=&#8221;default&#8221; background_color=&#8221;#c3f2b9&#8243; background_enable_image=&#8221;off&#8221; hover_enabled=&#8221;0&#8243; sticky_enabled=&#8221;0&#8243;][et_pb_row _builder_version=&#8221;4.9.7&#8243; _module_preset=&#8221;default&#8221;][et_pb_column type=&#8221;4_4&#8243; _builder_version=&#8221;4.9.7&#8243; _module_preset=&#8221;default&#8221;][et_pb_text _builder_version=&#8221;4.9.7&#8243; _module_preset=&#8221;default&#8221; text_text_color=&#8221;gcid-6865acbc-abf3-4edd-bdd6-4599ed837663&#8243; background_color=&#8221;#c3f2b9&#8243; global_colors_info=&#8221;{%22gcid-6865acbc-abf3-4edd-bdd6-4599ed837663%22:%91%22text_text_color%22%93}&#8221;]<\/p>\n<p>Die NaturGlaubensGemeinschaft &#8211; kurz NGG &#8211; (gesetzliche Definition \u201eReligi\u00f6se Bekenntnisgemeinschaft\u201c) mit Sitz des gleichnamigen Vereins in Wien steht f\u00fcr Freiheit, Wertsch\u00e4tzung und die Liebe zur Natur.<\/p>\n<p>Wir sind eine Gemeinschaft unterschiedlichster freier Menschen, die einen gemeinsamen Nenner in der Liebe und Wertsch\u00e4tzung zur Natur und einem unersch\u00fctterlichen Vertrauen in das Gute und Lebensf\u00f6rdernde der nat\u00fcrlichen Prozesse finden.<\/p>\n<p>Unsere Grunds\u00e4tze beinhalten das Streben nach gewaltlosen Konfliktl\u00f6sungen, das F\u00f6rdern unterschiedlichster Weltanschauungen und den respektvollen Umgang mit dem freien Willen eines jeden einzelnen Menschen.<\/p>\n<p>Freiheit ist ein aus unserem Glauben heraus angeborenes Menschenrecht, sie wird daher innerhalb unserer Gemeinschaft gef\u00f6rdert und respektiert.<\/p>\n<p>Unsere Gemeinschaft besteht sowohl aus Menschen, die Tiere und Tierprodukte essen als auch solchen, die dies f\u00fcr sich selbst nicht w\u00fcnschen. Diese unterschiedlichen Meinungen werden respektiert. Jene, die Tiere und Tierprodukte zu sich nehmen, achten darauf, diese aus biologischer artgerechter Haltung zu beziehen.<\/p>\n<p>Der \u201eZugang\u201c zu unserer Quelle (welchen Namen jeder Einzelne auch immer daf\u00fcr verwendet) ist so unterschiedlich, wie die Menschen. Der Eine findet ihn \u00fcber Meditation, der Andere \u00fcber einen Spaziergang in der Natur, der Dritte \u00fcber das Spielen mit seinen Kindern oder seinem Haustier, ect.<\/p>\n<p>Wir machen unseren Mitgliedern keine Vorschriften, wie sie den Zugang zu ihrer bedingungslos liebenden und wertsch\u00e4tzenden Quelle finden m\u00fcssen.<\/p>\n<p>Wir gehen mit gutem Beispiel voran und f\u00f6rdern unsere Gemeinschaft mit Vorbildwirkung in Bezug auf Freiheit, Wertsch\u00e4tzung, Freude und Urvertrauen in die sch\u00f6pferischen Prozesse.<\/p>\n<p>Aus der Natur sch\u00f6pfen wir unsere Kraft, darum ist es in unserer Gemeinschaft ein stetes Anliegen die Natur so gesund wie m\u00f6glich unseren Nachkommen zu hinterlassen.<\/p>\n<p>Was wollen wir:<br \/>\nWir wollen in Freiheit und Gemeinschaft friedlich leben.<br \/>\nWir wollen unsere Zukunft und die unseres Landes aktiv mitgestalten.<br \/>\nWir wollen den Menschen ihre Natur wieder n\u00e4herbringen und gesunde Lebensmittel anbauen.<br \/>\nWir wollen uns mit naturverbundenen Vereinen und Organisationen vernetzen und gemeinsam Feste feiern.<br \/>\nWir wollen gemeinsam unsere Mitglieder dazu ermutigen ihre Tr\u00e4ume zu leben.<br \/>\nWir wollen unsere Mitgliederzahl vermehren, denn wir glauben, dass wir mit der Kraft unserer wachsenden Gemeinschaft viel Positives f\u00fcr unsere Mitmenschen und unsere Mutter Erden bewirken k\u00f6nnen.<br \/>\nWir freuen uns \u00fcber neue weltoffene friedensliebende Menschen, die ihren Weg zu uns finden.<\/p>\n<p>Hier findest du unsere PowerPoint Pr\u00e4sentation:<br \/>\n<a href=\"https:\/\/drive.google.com\/drive\/u\/1\/folders\/1T5jjDZHgppteCfNQq2T7ECaPbWm7mcNE\" target=\"_blank\" rel=\"noopener\">https:\/\/drive.google.com\/drive\/u\/1\/folders\/1T5jjDZHgppteCfNQq2T7ECaPbWm7mcNE<\/a><\/p>\n<p>WIE wollen wir unsere Ziele erreichen?<br \/>\nMit Hilfe der \u20ac 20,- Mitgliedschaft pro Jahr sowie Spendengeldern und Erl\u00f6sen aus dem Verkauf von selbsterzeugten Produkten wollen wir unseren Mitgliedern eine Basis schaffen, in der sie ihre pers\u00f6nlichen Ziele, als auch die Ziele der NGG verwirklichen k\u00f6nnen.<\/p>\n<p>Des Weiteren wollen wir Acker- und Bauland sowie W\u00e4lder f\u00fcr unsere Mitglieder erwerben, auf dem sie ihr eigenes Obst und Gem\u00fcse biologisch anbauen, Forstwirtschaft oder Viehwirtschaft betreiben und Gemeinschaftsh\u00e4user bauen k\u00f6nnen (Pl\u00e4ne f\u00fcr die Zukunft).<\/p>\n<p>Nicht durch Gebote, Verbote oder Dogmen wollen wir eine friedliche und einf\u00fchlsame Gemeinschaft schaffen, sondern durch einen wertsch\u00e4tzenden respektvollen Umgang untereinander.<\/p>\n<p>Freiheit sind wir und nach Freiheit streben wir.<\/p>\n<p>Jedem Menschen muss es in unserer Gemeinschaft frei gestellt werden, seine pers\u00f6nlichen Tr\u00e4ume zu verwirklichen und das zu tun, an dem er gr\u00f6\u00dftes Interesse und Freude versp\u00fcrt, nur so werden wir eine kreative und gesunde Gemeinschaft errichten k\u00f6nnen, die mit den unterschiedlichsten Herausforderungen, die das Leben bietet, zurechtkommt.<\/p>\n<p>Wir glauben, dass jeder Mensch von Natur her gut ist und Gutes f\u00fcr sich selbst und die Gemeinschaft tun wird, wenn er versp\u00fcrt, dass seine pers\u00f6nliche Freiheit geachtet und respektiert wird.<\/p>\n<p>Die Zeit ist reif daf\u00fcr, dass mehr und mehr Menschen ihr Geburtsrecht der Freiheit erkennen und diese in unserer Gemeinschaft und dar\u00fcber hinaus leben k\u00f6nnen, ohne Angst.<\/p>\n<p>Lasst uns den Weg gemeinsam in der NGG gehen, die Menschen verdienen es in Freiheit zu leben, ihr sch\u00f6pferisches Potential zu erkennen und zu entfalten, zum Wohle gegenw\u00e4rtiger und zuk\u00fcnftiger Generationen auf unserer wundersch\u00f6nen Mutter Erde.<\/p>\n<ul>\n<li style=\"list-style-type: none;\">\n<ul>\n<li>Unter \u201eMitmachen\u201c erf\u00e4hrst du mehr \u00fcber uns und wie du F\u00f6rderer oder Mitglied der NaturGlaubensGemeinschaft werden kannst.<\/li>\n<\/ul>\n<\/li>\n<\/ul>\n<p>Danke, dass es dich gibt!<\/p>\n<p>[\/et_pb_text][\/et_pb_column][\/et_pb_row][\/et_pb_section]<\/p>\n","protected":false},"excerpt":{"rendered":"<p>[et_pb_section fb_built=&#8221;1&#8243; _builder_version=&#8221;4.9.7&#8243; _module_preset=&#8221;default&#8221; background_color=&#8221;#c3f2b9&#8243; background_enable_image=&#8221;off&#8221; hover_enabled=&#8221;0&#8243; sticky_enabled=&#8221;0&#8243;][et_pb_row _builder_version=&#8221;4.9.7&#8243; _module_preset=&#8221;default&#8221;][et_pb_column type=&#8221;4_4&#8243; _builder_version=&#8221;4.9.7&#8243; _module_preset=&#8221;default&#8221;][et_pb_text _builder_version=&#8221;4.9.7&#8243; _module_preset=&#8221;default&#8221; text_text_color=&#8221;gcid-6865acbc-abf3-4edd-bdd6-4599ed837663&#8243; background_color=&#8221;#c3f2b9&#8243; global_colors_info=&#8221;{%22gcid-6865acbc-abf3-4edd-bdd6-4599ed837663%22:%91%22text_text_color%22%93}&#8221;] Die NaturGlaubensGemeinschaft &#8211; kurz NGG &#8211; (gesetzliche Definition \u201eReligi\u00f6se Bekenntnisgemeinschaft\u201c) mit Sitz des gleichnamigen Vereins in Wien steht f\u00fcr Freiheit, Wertsch\u00e4tzung und die Liebe zur Natur. Wir sind eine Gemeinschaft unterschiedlichster freier Menschen, die einen gemeinsamen Nenner [&hellip;]<\/p>\n","protected":false},"author":1,"featured_media":0,"parent":0,"menu_order":0,"comment_status":"closed","ping_status":"closed","template":"","meta":{"_et_pb_use_builder":"on","_et_pb_old_content":"<!-- wp:divi\/placeholder \/-->","_et_gb_content_width":""},"_links":{"self":[{"href":"https:\/\/naturglaubensgemeinschaft.org\/index.php?rest_route=\/wp\/v2\/pages\/19"}],"collection":[{"href":"https:\/\/naturglaubensgemeinschaft.org\/index.php?rest_route=\/wp\/v2\/pages"}],"about":[{"href":"https:\/\/naturglaubensgemeinschaft.org\/index.php?rest_route=\/wp\/v2\/types\/page"}],"author":[{"embeddable":true,"href":"https:\/\/naturglaubensgemeinschaft.org\/index.php?rest_route=\/wp\/v2\/users\/1"}],"replies":[{"embeddable":true,"href":"https:\/\/naturglaubensgemeinschaft.org\/index.php?rest_route=%2Fwp%2Fv2%2Fcomments&post=19"}],"version-history":[{"count":13,"href":"https:\/\/naturglaubensgemeinschaft.org\/index.php?rest_route=\/wp\/v2\/pages\/19\/revisions"}],"predecessor-version":[{"id":160,"href":"https:\/\/naturglaubensgemeinschaft.org\/index.php?rest_route=\/wp\/v2\/pages\/19\/revisions\/160"}],"wp:attachment":[{"href":"https:\/\/naturglaubensgemeinschaft.org\/index.php?rest_route=%2Fwp%2Fv2%2Fmedia&parent=19"}],"curies":[{"name":"wp","href":"https:\/\/api.w.org\/{rel}","templated":true}]}}