{"id":27,"date":"2022-01-14T00:22:41","date_gmt":"2022-01-13T23:22:41","guid":{"rendered":"https:\/\/naturglaubensgemeinschaft.org\/?page_id=27"},"modified":"2022-02-08T16:05:50","modified_gmt":"2022-02-08T15:05:50","slug":"mitmachen","status":"publish","type":"page","link":"https:\/\/naturglaubensgemeinschaft.org\/?page_id=27","title":{"rendered":"Mitmachen"},"content":{"rendered":"<p>[et_pb_section fb_built=&#8221;1&#8243; _builder_version=&#8221;4.9.7&#8243; _module_preset=&#8221;default&#8221; background_color=&#8221;#c3f2b9&#8243; background_enable_image=&#8221;off&#8221;][et_pb_row _builder_version=&#8221;4.9.7&#8243; _module_preset=&#8221;default&#8221;][et_pb_column type=&#8221;4_4&#8243; _builder_version=&#8221;4.9.7&#8243; _module_preset=&#8221;default&#8221;][et_pb_text admin_label=&#8221;Text&#8221; _builder_version=&#8221;4.9.7&#8243; _module_preset=&#8221;default&#8221; text_text_color=&#8221;gcid-6865acbc-abf3-4edd-bdd6-4599ed837663&#8243; link_text_color=&#8221;#0C71C3&#8243; background_color=&#8221;#c3f2b9&#8243; hover_enabled=&#8221;0&#8243; global_colors_info=&#8221;{%22gcid-6865acbc-abf3-4edd-bdd6-4599ed837663%22:%91%22text_text_color%22%93}&#8221; sticky_enabled=&#8221;0&#8243;]<\/p>\n<p class=\"western\" align=\"left\">Herzlich Willkommen bei der NaturGlaubensGemeinschaft!<\/p>\n<p>Falls du Interesse am Newsletter oder an einer Einladung zu einem Infoabend hast, schick uns bitte ein Mail.<\/p>\n<p>Unsere Email-Adresse lautet: <strong>&#8220;info (Klammeraffe) naturglaubensgemeinschaft (Punkt) org&#8221;<\/strong><br \/>\n(Wir schreiben das so &#8220;merkw\u00fcrdig&#8221;, um unser Spam-Aufkommen kleiner zu halten)<\/p>\n<p>Unsere Postadresse lautet: <strong>\u201cNaturGlaubensGemeinschaft, Koloniestra\u00dfe 63, 1210 Wien\u201d<\/strong><\/p>\n<p class=\"western\" align=\"left\">Du kannst unserer Gemeinschaft beitreten, indem Du Dir unser Beitrittsformular herunterl\u00e4dst, eventuell ausdruckst, ausf\u00fcllst (geht auch am Computer) und an uns per Post oder am besten per Email schickst.<\/p>\n<p align=\"left\">Die Jahresmitgliedschaft bei der NGG betr\u00e4gt 20.-\u20ac.<\/p>\n<p><a href=\"https:\/\/naturglaubensgemeinschaft.org\/wp-content\/uploads\/2022\/01\/offline-beitrittsformular-ngg_ausfullbar-org.pdf\" target=\"_blank\" rel=\"noopener\"><strong>-Hier klicken um das Beitrittsformular herunterzuladen-<\/strong><\/a><\/p>\n<p>Du kannst Deine gleichgesinnte Familie, Freunde und Bekannte auf uns aufmerksam machen und\/oder Ihnen Info und Beitrittsformulare geben.<\/p>\n<p><a href=\"https:\/\/naturglaubensgemeinschaft.org\/wp-content\/uploads\/2022\/01\/ngg-handout-a5x2-v2a-org.pdf\" target=\"_blank\" rel=\"noopener\"><strong>-Hier klicken um unsere Kurzinfo herunterzuladen-<\/strong><\/a><\/p>\n<p>Wir haben grosse Ausgaben und gro\u00dfe Herausforderungen vor uns. Du kannst uns unterst\u00fctzen, indem Du uns eine Spende zukommen l\u00e4sst.<\/p>\n<p><strong>Unser Konto lautend auf:<\/strong><\/p>\n<p><strong>&#8220;NGG&#8221; IBAN: NL21 BUNQ 2066 5787 70<\/strong><\/p>\n<p>Warum eine niederl\u00e4ndische Bankverbindung BUNQ?<\/p>\n<ul>\n<li style=\"list-style-type: none;\">\n<ul>\n<li>Hat europ\u00e4ische Banklizenz seit 2014, Bestand seit 2012<\/li>\n<li>Einlagensicherung: gesetzliche Einlagensicherung von der niederl\u00e4ndischen Zentralbank bis zu \u20ac 100.000,-<\/li>\n<li>Schnelle \u00dcberweisung<\/li>\n<li>\u00d6kologische Ausrichtung \u2013 pflanzt je \u20ac 100,- einen Baum (bisher sind es \u00fcber 4 Millionen)<\/li>\n<\/ul>\n<\/li>\n<\/ul>\n<p>[\/et_pb_text][\/et_pb_column][\/et_pb_row][\/et_pb_section]<\/p>\n","protected":false},"excerpt":{"rendered":"<p>[et_pb_section fb_built=&#8221;1&#8243; _builder_version=&#8221;4.9.7&#8243; _module_preset=&#8221;default&#8221; background_color=&#8221;#c3f2b9&#8243; background_enable_image=&#8221;off&#8221;][et_pb_row _builder_version=&#8221;4.9.7&#8243; _module_preset=&#8221;default&#8221;][et_pb_column type=&#8221;4_4&#8243; _builder_version=&#8221;4.9.7&#8243; _module_preset=&#8221;default&#8221;][et_pb_text admin_label=&#8221;Text&#8221; _builder_version=&#8221;4.9.7&#8243; _module_preset=&#8221;default&#8221; text_text_color=&#8221;gcid-6865acbc-abf3-4edd-bdd6-4599ed837663&#8243; link_text_color=&#8221;#0C71C3&#8243; background_color=&#8221;#c3f2b9&#8243; hover_enabled=&#8221;0&#8243; global_colors_info=&#8221;{%22gcid-6865acbc-abf3-4edd-bdd6-4599ed837663%22:%91%22text_text_color%22%93}&#8221; sticky_enabled=&#8221;0&#8243;] Herzlich Willkommen bei der NaturGlaubensGemeinschaft! Falls du Interesse am Newsletter oder an einer Einladung zu einem Infoabend hast, schick uns bitte ein Mail. Unsere Email-Adresse lautet: &#8220;info (Klammeraffe) naturglaubensgemeinschaft (Punkt) org&#8221; (Wir schreiben das so [&hellip;]<\/p>\n","protected":false},"author":1,"featured_media":0,"parent":0,"menu_order":0,"comment_status":"closed","ping_status":"closed","template":"","meta":{"_et_pb_use_builder":"on","_et_pb_old_content":"<!-- wp:divi\/placeholder \/-->","_et_gb_content_width":""},"_links":{"self":[{"href":"https:\/\/naturglaubensgemeinschaft.org\/index.php?rest_route=\/wp\/v2\/pages\/27"}],"collection":[{"href":"https:\/\/naturglaubensgemeinschaft.org\/index.php?rest_route=\/wp\/v2\/pages"}],"about":[{"href":"https:\/\/naturglaubensgemeinschaft.org\/index.php?rest_route=\/wp\/v2\/types\/page"}],"author":[{"embeddable":true,"href":"https:\/\/naturglaubensgemeinschaft.org\/index.php?rest_route=\/wp\/v2\/users\/1"}],"replies":[{"embeddable":true,"href":"https:\/\/naturglaubensgemeinschaft.org\/index.php?rest_route=%2Fwp%2Fv2%2Fcomments&post=27"}],"version-history":[{"count":17,"href":"https:\/\/naturglaubensgemeinschaft.org\/index.php?rest_route=\/wp\/v2\/pages\/27\/revisions"}],"predecessor-version":[{"id":158,"href":"https:\/\/naturglaubensgemeinschaft.org\/index.php?rest_route=\/wp\/v2\/pages\/27\/revisions\/158"}],"wp:attachment":[{"href":"https:\/\/naturglaubensgemeinschaft.org\/index.php?rest_route=%2Fwp%2Fv2%2Fmedia&parent=27"}],"curies":[{"name":"wp","href":"https:\/\/api.w.org\/{rel}","templated":true}]}}