{"id":87,"date":"2022-01-14T05:39:53","date_gmt":"2022-01-14T04:39:53","guid":{"rendered":"https:\/\/naturglaubensgemeinschaft.org\/?page_id=87"},"modified":"2022-01-14T05:53:33","modified_gmt":"2022-01-14T04:53:33","slug":"copyright-c-2022","status":"publish","type":"page","link":"https:\/\/naturglaubensgemeinschaft.org\/?page_id=87","title":{"rendered":"Copyright (c) 2022"},"content":{"rendered":"<p>[et_pb_section fb_built=&#8221;1&#8243; _builder_version=&#8221;4.9.7&#8243; _module_preset=&#8221;default&#8221;][et_pb_row _builder_version=&#8221;4.9.7&#8243; _module_preset=&#8221;default&#8221;][et_pb_column _builder_version=&#8221;4.9.7&#8243; _module_preset=&#8221;default&#8221; type=&#8221;4_4&#8243;][et_pb_text _builder_version=&#8221;4.9.7&#8243; _module_preset=&#8221;default&#8221; hover_enabled=&#8221;0&#8243; sticky_enabled=&#8221;0&#8243;]<\/p>\n<p>Alle Texte, Bilder, Fotos, Grafiken und sonstige Gestaltungselemente dieses Internetangebots sind f\u00fcr den Herausgeber urheberrechtlich gesch\u00fctzt, sofern nicht ein\/e andere\/r Urheber\/in oder ein\/e andere\/r Urheberrechtsinhaber\/in angegeben ist. Jede Nutzung dieser Inhalte darf nur mit schriftlicher Zustimmung des Herausgebers erfolgen. Soweit als Urheber\/in oder Urheberrechtsinhaber\/in ein Dritter angegeben ist, sind keine Nutzungsrechte f\u00fcr eine \u00dcbernahme dieser Inhalte f\u00fcr andere Nutzungen erteilt worden.<\/p>\n<p>Die Verwendung des Namens oder der Wort\/Bildmarke (Logo) auf jeglichen Medien (print oder online) ist nur mit schriftlicher Genehmigung der NaturGlaubensGemeinschaft erlaubt, widrigenfalls wir uns die Geltendmachung von rechtlichen Schritten und Anspr\u00fcchen vorbehalten.<\/p>\n<p>Wir halten auf unseren Internetseiten Links zu anderen Web-Seiten vor bzw. binden entsprechende Inhalte ein. Da wir keinen Einfluss auf die Gestaltung sowie die Inhalte dieser Seiten haben, \u00fcbernehmen wir f\u00fcr diese auch keine Haftung.<\/p>\n<p>[\/et_pb_text][\/et_pb_column][\/et_pb_row][\/et_pb_section]<\/p>\n","protected":false},"excerpt":{"rendered":"<p>[et_pb_section fb_built=&#8221;1&#8243; _builder_version=&#8221;4.9.7&#8243; _module_preset=&#8221;default&#8221;][et_pb_row _builder_version=&#8221;4.9.7&#8243; _module_preset=&#8221;default&#8221;][et_pb_column _builder_version=&#8221;4.9.7&#8243; _module_preset=&#8221;default&#8221; type=&#8221;4_4&#8243;][et_pb_text _builder_version=&#8221;4.9.7&#8243; _module_preset=&#8221;default&#8221; hover_enabled=&#8221;0&#8243; sticky_enabled=&#8221;0&#8243;] Alle Texte, Bilder, Fotos, Grafiken und sonstige Gestaltungselemente dieses Internetangebots sind f\u00fcr den Herausgeber urheberrechtlich gesch\u00fctzt, sofern nicht ein\/e andere\/r Urheber\/in oder ein\/e andere\/r Urheberrechtsinhaber\/in angegeben ist. Jede Nutzung dieser Inhalte darf nur mit schriftlicher Zustimmung des Herausgebers erfolgen. Soweit als Urheber\/in [&hellip;]<\/p>\n","protected":false},"author":1,"featured_media":0,"parent":0,"menu_order":0,"comment_status":"closed","ping_status":"closed","template":"","meta":{"_et_pb_use_builder":"on","_et_pb_old_content":"<!-- wp:divi\/placeholder \/-->","_et_gb_content_width":""},"_links":{"self":[{"href":"https:\/\/naturglaubensgemeinschaft.org\/index.php?rest_route=\/wp\/v2\/pages\/87"}],"collection":[{"href":"https:\/\/naturglaubensgemeinschaft.org\/index.php?rest_route=\/wp\/v2\/pages"}],"about":[{"href":"https:\/\/naturglaubensgemeinschaft.org\/index.php?rest_route=\/wp\/v2\/types\/page"}],"author":[{"embeddable":true,"href":"https:\/\/naturglaubensgemeinschaft.org\/index.php?rest_route=\/wp\/v2\/users\/1"}],"replies":[{"embeddable":true,"href":"https:\/\/naturglaubensgemeinschaft.org\/index.php?rest_route=%2Fwp%2Fv2%2Fcomments&post=87"}],"version-history":[{"count":3,"href":"https:\/\/naturglaubensgemeinschaft.org\/index.php?rest_route=\/wp\/v2\/pages\/87\/revisions"}],"predecessor-version":[{"id":90,"href":"https:\/\/naturglaubensgemeinschaft.org\/index.php?rest_route=\/wp\/v2\/pages\/87\/revisions\/90"}],"wp:attachment":[{"href":"https:\/\/naturglaubensgemeinschaft.org\/index.php?rest_route=%2Fwp%2Fv2%2Fmedia&parent=87"}],"curies":[{"name":"wp","href":"https:\/\/api.w.org\/{rel}","templated":true}]}}